{"id":11,"date":"2025-09-26T16:35:10","date_gmt":"2025-09-26T16:35:10","guid":{"rendered":"https:\/\/catcroix.fr\/?page_id=11"},"modified":"2025-11-16T15:51:57","modified_gmt":"2025-11-16T15:51:57","slug":"photographie","status":"publish","type":"page","link":"https:\/\/catcroix.fr\/","title":{"rendered":"HOME"},"content":{"rendered":"\n\n\n<h1 class=\"wp-block-heading has-text-align-center has-large-font-size\">HAUNTED BY<\/h1>\n\n\n\n<figure class=\"wp-block-image aligncenter size-full\"><img loading=\"lazy\" decoding=\"async\" width=\"600\" height=\"799\" src=\"https:\/\/catcroix.fr\/wp-content\/uploads\/2025\/11\/58193D58-53FD-45B1-8655-05509BAC2F0B.jpeg\" alt=\"\" class=\"wp-image-127\" srcset=\"https:\/\/catcroix.fr\/wp-content\/uploads\/2025\/11\/58193D58-53FD-45B1-8655-05509BAC2F0B.jpeg 600w, https:\/\/catcroix.fr\/wp-content\/uploads\/2025\/11\/58193D58-53FD-45B1-8655-05509BAC2F0B-225x300.jpeg 225w\" sizes=\"auto, (max-width: 600px) 100vw, 600px\" \/><figcaption class=\"wp-element-caption\">Saint-Nazaire Haunted <\/figcaption><\/figure>\n\n\n\n<p class=\"has-text-align-center\" style=\"padding-top:0;padding-right:0;padding-bottom:0;padding-left:0;font-size:0px\">Une image n\u2019est jamais neutre ; elle est toujours hant\u00e9e \u2014 par un souvenir indistinct, un sentiment enfoui,hant\u00e9e<\/p>\n\n\n\n<p class=\"has-text-align-center\"><br>Une image n\u2019est jamais neutre ; elle est toujours \u2014 par un souvenir indistinct, un sentiment enfoui,<\/p>\n\n\n\n<p class=\"has-text-align-center\">&nbsp;une r\u00e9miniscence ou une impression de d\u00e9j\u00e0-vu qui s\u2019invite dans notre regard.<\/p>\n\n\n\n<p class=\"has-text-align-center\">Elle r\u00e9veille des formes que nous pensions oubli\u00e9es<\/p>\n\n\n\n<p class=\"has-text-align-center\">et r\u00e9v\u00e8lent les fant\u00f4mes tenaces <\/p>\n\n\n\n<p class=\"has-text-align-center\">de notre m\u00e9moire<\/p>\n\n\n\n<p class=\"has-text-align-center\">visuelle.<\/p>\n\n\n\n<p><\/p>\n","protected":false},"excerpt":{"rendered":"<p>HAUNTED BY Une image n\u2019est jamais neutre ; elle est toujours hant\u00e9e \u2014 par un souvenir indistinct, un sentiment enfoui,hant\u00e9e [&hellip;]<\/p>\n","protected":false},"author":1,"featured_media":0,"parent":0,"menu_order":0,"comment_status":"closed","ping_status":"closed","template":"","meta":{"site-sidebar-layout":"default","site-content-layout":"","ast-site-content-layout":"default","site-content-style":"default","site-sidebar-style":"default","ast-global-header-display":"","ast-banner-title-visibility":"","ast-main-header-display":"","ast-hfb-above-header-display":"","ast-hfb-below-header-display":"","ast-hfb-mobile-header-display":"","site-post-title":"disabled","ast-breadcrumbs-content":"","ast-featured-img":"disabled","footer-sml-layout":"","theme-transparent-header-meta":"","adv-header-id-meta":"","stick-header-meta":"","header-above-stick-meta":"","header-main-stick-meta":"","header-below-stick-meta":"","astra-migrate-meta-layouts":"default","ast-page-background-enabled":"default","ast-page-background-meta":{"desktop":{"background-color":"var(--ast-global-color-5)","background-image":"","background-repeat":"repeat","background-position":"center center","background-size":"auto","background-attachment":"scroll","background-type":"","background-media":"","overlay-type":"","overlay-color":"","overlay-opacity":"","overlay-gradient":""},"tablet":{"background-color":"","background-image":"","background-repeat":"repeat","background-position":"center center","background-size":"auto","background-attachment":"scroll","background-type":"","background-media":"","overlay-type":"","overlay-color":"","overlay-opacity":"","overlay-gradient":""},"mobile":{"background-color":"","background-image":"","background-repeat":"repeat","background-position":"center center","background-size":"auto","background-attachment":"scroll","background-type":"","background-media":"","overlay-type":"","overlay-color":"","overlay-opacity":"","overlay-gradient":""}},"ast-content-background-meta":{"desktop":{"background-color":"var(--ast-global-color-4)","background-image":"","background-repeat":"repeat","background-position":"center center","background-size":"auto","background-attachment":"scroll","background-type":"","background-media":"","overlay-type":"","overlay-color":"","overlay-opacity":"","overlay-gradient":""},"tablet":{"background-color":"var(--ast-global-color-4)","background-image":"","background-repeat":"repeat","background-position":"center center","background-size":"auto","background-attachment":"scroll","background-type":"","background-media":"","overlay-type":"","overlay-color":"","overlay-opacity":"","overlay-gradient":""},"mobile":{"background-color":"var(--ast-global-color-4)","background-image":"","background-repeat":"repeat","background-position":"center center","background-size":"auto","background-attachment":"scroll","background-type":"","background-media":"","overlay-type":"","overlay-color":"","overlay-opacity":"","overlay-gradient":""}},"footnotes":""},"class_list":["post-11","page","type-page","status-publish","hentry"],"_links":{"self":[{"href":"https:\/\/catcroix.fr\/index.php\/wp-json\/wp\/v2\/pages\/11","targetHints":{"allow":["GET"]}}],"collection":[{"href":"https:\/\/catcroix.fr\/index.php\/wp-json\/wp\/v2\/pages"}],"about":[{"href":"https:\/\/catcroix.fr\/index.php\/wp-json\/wp\/v2\/types\/page"}],"author":[{"embeddable":true,"href":"https:\/\/catcroix.fr\/index.php\/wp-json\/wp\/v2\/users\/1"}],"replies":[{"embeddable":true,"href":"https:\/\/catcroix.fr\/index.php\/wp-json\/wp\/v2\/comments?post=11"}],"version-history":[{"count":40,"href":"https:\/\/catcroix.fr\/index.php\/wp-json\/wp\/v2\/pages\/11\/revisions"}],"predecessor-version":[{"id":164,"href":"https:\/\/catcroix.fr\/index.php\/wp-json\/wp\/v2\/pages\/11\/revisions\/164"}],"wp:attachment":[{"href":"https:\/\/catcroix.fr\/index.php\/wp-json\/wp\/v2\/media?parent=11"}],"curies":[{"name":"wp","href":"https:\/\/api.w.org\/{rel}","templated":true}]}}